{"id":9,"date":"2025-07-02T21:40:28","date_gmt":"2025-07-02T21:40:28","guid":{"rendered":"https:\/\/searchworknow.com\/?page_id=9"},"modified":"2026-03-31T20:08:43","modified_gmt":"2026-03-31T20:08:43","slug":"about","status":"publish","type":"page","link":"https:\/\/searchworknow.com\/es\/about\/","title":{"rendered":"Acerca de"},"content":{"rendered":"<h2 class=\"wp-block-heading\">Acerca de Buscar Trabajar Ahora<\/h2>\n\n\n\n<p>\u00bfY si encontrar informaci\u00f3n financiera clara y fiable no resultara abrumador ni confuso? <strong>Buscar trabajo ahora<\/strong>Creemos que comprender los productos y servicios financieros debe ser sencillo, transparente y realmente \u00fatil. No deber\u00eda tener que descifrar jerga compleja ni afirmaciones dudosas solo para entender sus opciones.<\/p>\n\n\n\n<p>Por eso creamos este espacio.<\/p>\n\n\n\n<p>Search Work Now es una plataforma informativa dise\u00f1ada para ayudarte a explorar temas financieros con confianza. Recopilamos, organizamos y presentamos informaci\u00f3n relevante sobre productos y servicios financieros para que comprendas mejor las opciones disponibles y c\u00f3mo se adaptan a tus necesidades. Nuestro objetivo no es venderte nada, sino ayudarte a entender las opciones que existen.<\/p>\n\n\n\n<p>Ya sea que est\u00e9 investigando opciones de cr\u00e9dito, comparando herramientas financieras o simplemente tratando de mantenerse informado, nuestro objetivo es hacer que ese proceso sea m\u00e1s sencillo, r\u00e1pido e intuitivo para usted.<\/p>\n\n\n\n<h2 class=\"wp-block-heading\">Nuestro enfoque de la informaci\u00f3n financiera<\/h2>\n\n\n\n<p>En todo lo que publicamos, adoptamos un enfoque pr\u00e1ctico y centrado en el usuario. En lugar de abrumarte con detalles innecesarios, nos enfocamos en la claridad, la relevancia y la usabilidad. Cada contenido se crea con una pregunta en mente: <em>\u201c\u00bfEsto realmente te ayudar\u00e1 a tomar una decisi\u00f3n m\u00e1s informada?\u201d<\/em><\/p>\n\n\n\n<p>As\u00ed es como lo hacemos:<\/p>\n\n\n\n<ul>\n<li><strong>Simplificamos temas complejos sin perder precisi\u00f3n.<\/strong><br>Los conceptos financieros pueden volverse complejos y dif\u00edciles de comprender r\u00e1pidamente. Los desglosamos en explicaciones claras y accesibles para que puedas entender las ideas clave sin necesidad de conocimientos t\u00e9cnicos. Al mismo tiempo, evitamos la simplificaci\u00f3n excesiva que podr\u00eda generar malentendidos.<\/li>\n\n\n\n<li><strong>Nos basamos en fuentes p\u00fablicas y oficiales.<\/strong><br>Toda la informaci\u00f3n presentada en Search Work Now se basa en datos y detalles disponibles a trav\u00e9s de canales oficiales o fuentes p\u00fablicas verificadas. Esto garantiza que lo que usted lea se fundamente en informaci\u00f3n real y accesible, y no en especulaciones o afirmaciones sin fundamento.<\/li>\n\n\n\n<li><strong>Seleccionamos cuidadosamente en lugar de promocionar.<\/strong><br>Nuestro papel es organizar y presentar opciones relevantes, no imponer productos o servicios espec\u00edficos. Destacamos lo que existe y explicamos c\u00f3mo funciona, para que usted pueda evaluar las opciones seg\u00fan sus propios criterios.<\/li>\n\n\n\n<li><strong>Mantenemos la experiencia enfocada y eficiente.<\/strong><br>Tu tiempo es valioso. Estructuramos nuestro contenido para ayudarte a encontrar r\u00e1pidamente lo que buscas, ya sea una descripci\u00f3n general o detalles espec\u00edficos sobre un tema financiero.<\/li>\n<\/ul>\n\n\n\n<h2 class=\"wp-block-heading\">Lo que encontrar\u00e1s en Search Work Now<\/h2>\n\n\n\n<p>Nuestra plataforma est\u00e1 dise\u00f1ada para guiarte a trav\u00e9s de diferentes \u00e1reas del conocimiento financiero de una manera natural y accesible. En lugar de abrumarte con informaci\u00f3n, nuestro objetivo es conectar los puntos y ayudarte a avanzar con claridad.<\/p>\n\n\n\n<p>Esto es lo que puedes esperar al explorar nuestro contenido:<\/p>\n\n\n\n<ul>\n<li><strong>Res\u00famenes claros de los productos y servicios financieros.<\/strong><br>Le presentamos informaci\u00f3n estructurada sobre diversas opciones financieras, ayud\u00e1ndole a comprender c\u00f3mo funcionan, qu\u00e9 suelen implicar y qu\u00e9 debe tener en cuenta antes de utilizarlas.<\/li>\n\n\n\n<li><strong>Informaci\u00f3n comparativa para respaldar sus decisiones.<\/strong><br>En lugar de presentar informaci\u00f3n aislada, solemos colocar las opciones una al lado de la otra. Esto permite evaluar mejor las diferencias, identificar patrones y reconocer qu\u00e9 se ajusta mejor a tus objetivos personales.<\/li>\n\n\n\n<li><strong>Orientaci\u00f3n que prioriza la concienciaci\u00f3n sobre la persuasi\u00f3n.<\/strong><br>Nuestro contenido est\u00e1 dise\u00f1ado para informar, no para convencer. Nos centramos en ayudarte a formular mejores preguntas y a reconocer factores importantes, en lugar de dirigirte hacia un resultado espec\u00edfico.<\/li>\n\n\n\n<li><strong>Un camino simplificado desde la curiosidad hasta la comprensi\u00f3n.<\/strong><br>Tanto si llegas con un objetivo espec\u00edfico como si simplemente tienes inter\u00e9s general, nuestra estructura te ayuda a pasar de la curiosidad inicial a una comprensi\u00f3n m\u00e1s clara sin fricciones innecesarias.<\/li>\n<\/ul>\n\n\n\n<p>Cada contenido se crea con la intenci\u00f3n de hacer que tu experiencia sea m\u00e1s productiva y menos confusa.<\/p>\n\n\n\n<h2 class=\"wp-block-heading\">Transparencia y nuestra forma de operar<\/h2>\n\n\n\n<p>Search Work Now opera con un principio claro: <strong>Primero la informaci\u00f3n, siempre la independencia.<\/strong>.<\/p>\n\n\n\n<p>No poseemos, gestionamos ni proporcionamos ning\u00fan producto o servicio financiero. No somos una instituci\u00f3n financiera ni actuamos como intermediarios entre usted y ning\u00fan proveedor. Nuestra funci\u00f3n se limita a presentar informaci\u00f3n que ya est\u00e1 disponible a trav\u00e9s de los canales oficiales.<\/p>\n\n\n\n<p>Para mantener la plataforma accesible, podemos utilizar soluciones publicitarias est\u00e1ndar como Google AdSense. Esto nos permite mantener y mejorar el sitio sin restringir el acceso al contenido mediante suscripciones de pago. Sin embargo, la publicidad no influye en nuestras decisiones editoriales. Lo que publicamos se basa en la relevancia y la utilidad, no en colaboraciones externas.<\/p>\n\n\n\n<p>Tampoco vendemos datos de usuarios ni creamos contenido dise\u00f1ado para manipular sus decisiones. Nuestro objetivo sigue siendo ofrecer material neutral e informativo que respete su autonom\u00eda.<\/p>\n\n\n\n<h2 class=\"wp-block-heading\">Aviso legal<\/h2>\n\n\n\n<p>Search Work Now es un portal informativo. No estamos afiliados, respaldados ni conectados con ninguna empresa, marca o servicio mencionado en nuestra plataforma.<\/p>\n\n\n\n<p>Es importante que comprendas lo siguiente:<\/p>\n\n\n\n<ul>\n<li><strong>No proporcionamos productos ni servicios.<\/strong><br>Solo enumeramos y describimos productos y servicios financieros bas\u00e1ndonos en la informaci\u00f3n disponible a trav\u00e9s de fuentes oficiales o p\u00fablicas.<\/li>\n\n\n\n<li><strong>No garantizamos la disponibilidad ni la exactitud a lo largo del tiempo.<\/strong><br>Los productos, servicios y sus condiciones pueden cambiar, actualizarse o eliminarse por completo por parte de sus respectivos proveedores sin previo aviso. Si bien nos esforzamos por mantener la informaci\u00f3n actualizada, no podemos garantizar que todos los detalles reflejen siempre las \u00faltimas novedades.<\/li>\n\n\n\n<li><strong>No nos hacemos responsables de los cambios o acciones de terceros.<\/strong><br>Cualquier modificaci\u00f3n, interrupci\u00f3n o problema relacionado con los productos y servicios mencionados en nuestro sitio es responsabilidad de sus respectivos proveedores.<\/li>\n\n\n\n<li><strong>Siempre debes verificar la informaci\u00f3n directamente con fuentes oficiales.<\/strong><br>Antes de tomar cualquier decisi\u00f3n, le recomendamos encarecidamente que consulte el sitio web oficial o al proveedor para obtener la informaci\u00f3n m\u00e1s actualizada y precisa.<\/li>\n<\/ul>\n\n\n\n<p>Si encuentras contenido desactualizado o incorrecto, puedes ponerte en contacto con nosotros para que podamos revisar y mejorar la informaci\u00f3n.<\/p>\n\n\n\n<h2 class=\"wp-block-heading\">Derechos de autor y propiedad intelectual<\/h2>\n\n\n\n<p>Nos tomamos muy en serio la propiedad intelectual, tanto la nuestra como la de los dem\u00e1s.<\/p>\n\n\n\n<p>Todo el contenido original publicado en Search Work Now, incluyendo texto, estructura y elementos visuales originales, est\u00e1 protegido por derechos de autor. Esto significa:<\/p>\n\n\n\n<ul>\n<li>No est\u00e1 permitido reproducir, distribuir ni modificar nuestro contenido sin autorizaci\u00f3n previa.<\/li>\n\n\n\n<li>Cualquier uso no autorizado de nuestros materiales puede dar lugar a las acciones legales pertinentes para proteger nuestros derechos.<\/li>\n<\/ul>\n\n\n\n<p>Al mismo tiempo, respetamos la propiedad intelectual de terceros:<\/p>\n\n\n\n<ul>\n<li><strong>Marcas comerciales, logotipos y nombres de marca de terceros<\/strong><br>Todas las marcas comerciales, logotipos o referencias de marca mencionadas en nuestra plataforma pertenecen exclusivamente a sus respectivos propietarios. Su aparici\u00f3n en nuestro sitio web tiene fines meramente informativos y de identificaci\u00f3n.<\/li>\n\n\n\n<li><strong>Uso de materiales externos<\/strong><br>Cuando hacemos referencia a materiales de terceros o los incluimos, lo hacemos de acuerdo con las directrices aplicables y los principios de uso leg\u00edtimo, garantizando que dicho uso siga siendo de car\u00e1cter editorial y no comercial.<\/li>\n\n\n\n<li><strong>preocupaciones sobre derechos de autor<\/strong><br>Si usted es titular de derechos y cree que alg\u00fan contenido de Search Work Now infringe su propiedad intelectual, p\u00f3ngase en contacto con nosotros. Analizaremos la situaci\u00f3n con prontitud y tomaremos las medidas oportunas si fuera necesario.<\/li>\n<\/ul>\n\n\n\n<h2 class=\"wp-block-heading\">Manteni\u00e9ndonos fieles a nuestro prop\u00f3sito<\/h2>\n\n\n\n<p>La informaci\u00f3n financiera puede parecer complicada, pero no tiene por qu\u00e9 seguir si\u00e9ndolo.<\/p>\n\n\n\n<p>En Search Work Now, nuestra misi\u00f3n es simple: ayudarte a comprender mejor los temas financieros, con menos confusi\u00f3n y mayor confianza. No pretendemos tener todas las respuestas, pero nos comprometemos a ayudarte a formular mejores preguntas y encontrar informaci\u00f3n m\u00e1s fiable.<\/p>\n\n\n\n<p>A medida que los productos y servicios financieros evolucionan, seguiremos perfeccionando nuestro contenido para que siga siendo relevante, preciso y \u00fatil. Y mientras exploras, comparas y aprendes, estaremos aqu\u00ed para acompa\u00f1arte en ese proceso, con explicaciones claras y concisas.<\/p>\n\n\n\n<p>Porque, al fin y al cabo, las decisiones informadas comienzan con informaci\u00f3n accesible, y eso es precisamente lo que pretendemos proporcionar.<\/p>","protected":false},"excerpt":{"rendered":"<p>About Search Work Now What if finding clear, reliable financial information didn\u2019t feel overwhelming or confusing? At Search Work Now, we believe that understanding financial products and services should be straightforward, transparent, and genuinely helpful. You shouldn\u2019t have to dig through complex jargon or questionable claims just to get a sense of your options. That\u2019s [&hellip;]<\/p>","protected":false},"author":202,"featured_media":0,"parent":0,"menu_order":0,"comment_status":"closed","ping_status":"closed","template":"","meta":{"_uag_custom_page_level_css":"","site-sidebar-layout":"default","site-content-layout":"","ast-site-content-layout":"default","site-content-style":"default","site-sidebar-style":"default","ast-global-header-display":"","ast-banner-title-visibility":"","ast-main-header-display":"","ast-hfb-above-header-display":"","ast-hfb-below-header-display":"","ast-hfb-mobile-header-display":"","site-post-title":"","ast-breadcrumbs-content":"","ast-featured-img":"","footer-sml-layout":"","theme-transparent-header-meta":"","adv-header-id-meta":"","stick-header-meta":"","header-above-stick-meta":"","header-main-stick-meta":"","header-below-stick-meta":"","astra-migrate-meta-layouts":"set","ast-page-background-enabled":"default","ast-page-background-meta":{"desktop":{"background-color":"var(--ast-global-color-4)","background-image":"","background-repeat":"repeat","background-position":"center center","background-size":"auto","background-attachment":"scroll","background-type":"","background-media":"","overlay-type":"","overlay-color":"","overlay-opacity":"","overlay-gradient":""},"tablet":{"background-color":"","background-image":"","background-repeat":"repeat","background-position":"center center","background-size":"auto","background-attachment":"scroll","background-type":"","background-media":"","overlay-type":"","overlay-color":"","overlay-opacity":"","overlay-gradient":""},"mobile":{"background-color":"","background-image":"","background-repeat":"repeat","background-position":"center center","background-size":"auto","background-attachment":"scroll","background-type":"","background-media":"","overlay-type":"","overlay-color":"","overlay-opacity":"","overlay-gradient":""}},"ast-content-background-meta":{"desktop":{"background-color":"var(--ast-global-color-5)","background-image":"","background-repeat":"repeat","background-position":"center center","background-size":"auto","background-attachment":"scroll","background-type":"","background-media":"","overlay-type":"","overlay-color":"","overlay-opacity":"","overlay-gradient":""},"tablet":{"background-color":"var(--ast-global-color-5)","background-image":"","background-repeat":"repeat","background-position":"center center","background-size":"auto","background-attachment":"scroll","background-type":"","background-media":"","overlay-type":"","overlay-color":"","overlay-opacity":"","overlay-gradient":""},"mobile":{"background-color":"var(--ast-global-color-5)","background-image":"","background-repeat":"repeat","background-position":"center center","background-size":"auto","background-attachment":"scroll","background-type":"","background-media":"","overlay-type":"","overlay-color":"","overlay-opacity":"","overlay-gradient":""}},"footnotes":""},"yoast_head":"<!-- This site is optimized with the Yoast SEO plugin v23.3 - https:\/\/yoast.com\/wordpress\/plugins\/seo\/ -->\n<title>About - Search Work Now<\/title>\n<meta name=\"robots\" content=\"index, follow, max-snippet:-1, max-image-preview:large, max-video-preview:-1\" \/>\n<link rel=\"canonical\" href=\"https:\/\/searchworknow.com\/es\/about\/\" \/>\n<meta property=\"og:locale\" content=\"es_MX\" \/>\n<meta property=\"og:type\" content=\"article\" \/>\n<meta property=\"og:title\" content=\"About - Search Work Now\" \/>\n<meta property=\"og:description\" content=\"About Search Work Now What if finding clear, reliable financial information didn\u2019t feel overwhelming or confusing? At Search Work Now, we believe that understanding financial products and services should be straightforward, transparent, and genuinely helpful. You shouldn\u2019t have to dig through complex jargon or questionable claims just to get a sense of your options. That\u2019s [&hellip;]\" \/>\n<meta property=\"og:url\" content=\"https:\/\/searchworknow.com\/es\/about\/\" \/>\n<meta property=\"og:site_name\" content=\"Search Work Now\" \/>\n<meta property=\"article:modified_time\" content=\"2026-03-31T20:08:43+00:00\" \/>\n<meta name=\"twitter:card\" content=\"summary_large_image\" \/>\n<meta name=\"twitter:label1\" content=\"Est. reading time\" \/>\n\t<meta name=\"twitter:data1\" content=\"6 minutos\" \/>\n<script type=\"application\/ld+json\" class=\"yoast-schema-graph\">{\"@context\":\"https:\/\/schema.org\",\"@graph\":[{\"@type\":\"WebPage\",\"@id\":\"https:\/\/searchworknow.com\/about\/\",\"url\":\"https:\/\/searchworknow.com\/about\/\",\"name\":\"About - Search Work Now\",\"isPartOf\":{\"@id\":\"https:\/\/searchworknow.com\/#website\"},\"datePublished\":\"2025-07-02T21:40:28+00:00\",\"dateModified\":\"2026-03-31T20:08:43+00:00\",\"breadcrumb\":{\"@id\":\"https:\/\/searchworknow.com\/about\/#breadcrumb\"},\"inLanguage\":\"es-MX\",\"potentialAction\":[{\"@type\":\"ReadAction\",\"target\":[\"https:\/\/searchworknow.com\/about\/\"]}]},{\"@type\":\"BreadcrumbList\",\"@id\":\"https:\/\/searchworknow.com\/about\/#breadcrumb\",\"itemListElement\":[{\"@type\":\"ListItem\",\"position\":1,\"name\":\"Home\",\"item\":\"https:\/\/searchworknow.com\/\"},{\"@type\":\"ListItem\",\"position\":2,\"name\":\"About\"}]},{\"@type\":\"WebSite\",\"@id\":\"https:\/\/searchworknow.com\/#website\",\"url\":\"https:\/\/searchworknow.com\/\",\"name\":\"Search Work Now\",\"description\":\"\",\"publisher\":{\"@id\":\"https:\/\/searchworknow.com\/#organization\"},\"potentialAction\":[{\"@type\":\"SearchAction\",\"target\":{\"@type\":\"EntryPoint\",\"urlTemplate\":\"https:\/\/searchworknow.com\/?s={search_term_string}\"},\"query-input\":\"required name=search_term_string\"}],\"inLanguage\":\"es-MX\"},{\"@type\":\"Organization\",\"@id\":\"https:\/\/searchworknow.com\/#organization\",\"name\":\"Search Work Now\",\"url\":\"https:\/\/searchworknow.com\/\",\"logo\":{\"@type\":\"ImageObject\",\"inLanguage\":\"es-MX\",\"@id\":\"https:\/\/searchworknow.com\/#\/schema\/logo\/image\/\",\"url\":\"https:\/\/searchworknow.com\/wp-content\/uploads\/sites\/401\/2026\/03\/Search-Work-Now.jpg\",\"contentUrl\":\"https:\/\/searchworknow.com\/wp-content\/uploads\/sites\/401\/2026\/03\/Search-Work-Now.jpg\",\"width\":2000,\"height\":2000,\"caption\":\"Search Work Now\"},\"image\":{\"@id\":\"https:\/\/searchworknow.com\/#\/schema\/logo\/image\/\"}}]}<\/script>\n<!-- \/ Yoast SEO plugin. -->","yoast_head_json":{"title":"About - Search Work Now","robots":{"index":"index","follow":"follow","max-snippet":"max-snippet:-1","max-image-preview":"max-image-preview:large","max-video-preview":"max-video-preview:-1"},"canonical":"https:\/\/searchworknow.com\/es\/about\/","og_locale":"es_MX","og_type":"article","og_title":"About - Search Work Now","og_description":"About Search Work Now What if finding clear, reliable financial information didn\u2019t feel overwhelming or confusing? At Search Work Now, we believe that understanding financial products and services should be straightforward, transparent, and genuinely helpful. You shouldn\u2019t have to dig through complex jargon or questionable claims just to get a sense of your options. That\u2019s [&hellip;]","og_url":"https:\/\/searchworknow.com\/es\/about\/","og_site_name":"Search Work Now","article_modified_time":"2026-03-31T20:08:43+00:00","twitter_card":"summary_large_image","twitter_misc":{"Est. reading time":"6 minutos"},"schema":{"@context":"https:\/\/schema.org","@graph":[{"@type":"WebPage","@id":"https:\/\/searchworknow.com\/about\/","url":"https:\/\/searchworknow.com\/about\/","name":"About - Search Work Now","isPartOf":{"@id":"https:\/\/searchworknow.com\/#website"},"datePublished":"2025-07-02T21:40:28+00:00","dateModified":"2026-03-31T20:08:43+00:00","breadcrumb":{"@id":"https:\/\/searchworknow.com\/about\/#breadcrumb"},"inLanguage":"es-MX","potentialAction":[{"@type":"ReadAction","target":["https:\/\/searchworknow.com\/about\/"]}]},{"@type":"BreadcrumbList","@id":"https:\/\/searchworknow.com\/about\/#breadcrumb","itemListElement":[{"@type":"ListItem","position":1,"name":"Home","item":"https:\/\/searchworknow.com\/"},{"@type":"ListItem","position":2,"name":"About"}]},{"@type":"WebSite","@id":"https:\/\/searchworknow.com\/#website","url":"https:\/\/searchworknow.com\/","name":"Search Work Now","description":"","publisher":{"@id":"https:\/\/searchworknow.com\/#organization"},"potentialAction":[{"@type":"SearchAction","target":{"@type":"EntryPoint","urlTemplate":"https:\/\/searchworknow.com\/?s={search_term_string}"},"query-input":"required name=search_term_string"}],"inLanguage":"es-MX"},{"@type":"Organization","@id":"https:\/\/searchworknow.com\/#organization","name":"Search Work Now","url":"https:\/\/searchworknow.com\/","logo":{"@type":"ImageObject","inLanguage":"es-MX","@id":"https:\/\/searchworknow.com\/#\/schema\/logo\/image\/","url":"https:\/\/searchworknow.com\/wp-content\/uploads\/sites\/401\/2026\/03\/Search-Work-Now.jpg","contentUrl":"https:\/\/searchworknow.com\/wp-content\/uploads\/sites\/401\/2026\/03\/Search-Work-Now.jpg","width":2000,"height":2000,"caption":"Search Work Now"},"image":{"@id":"https:\/\/searchworknow.com\/#\/schema\/logo\/image\/"}}]}},"uagb_featured_image_src":{"full":false,"thumbnail":false,"medium":false,"medium_large":false,"large":false,"1536x1536":false,"2048x2048":false,"trp-custom-language-flag":false},"uagb_author_info":{"display_name":"arthurdev","author_link":"https:\/\/searchworknow.com\/es\/author\/arthurdev\/"},"uagb_comment_info":0,"uagb_excerpt":"About Search Work Now What if finding clear, reliable financial information didn\u2019t feel overwhelming or confusing? At Search Work Now, we believe that understanding financial products and services should be straightforward, transparent, and genuinely helpful. You shouldn\u2019t have to dig through complex jargon or questionable claims just to get a sense of your options. That\u2019s&hellip;","_links":{"self":[{"href":"https:\/\/searchworknow.com\/es\/wp-json\/wp\/v2\/pages\/9"}],"collection":[{"href":"https:\/\/searchworknow.com\/es\/wp-json\/wp\/v2\/pages"}],"about":[{"href":"https:\/\/searchworknow.com\/es\/wp-json\/wp\/v2\/types\/page"}],"author":[{"embeddable":true,"href":"https:\/\/searchworknow.com\/es\/wp-json\/wp\/v2\/users\/202"}],"replies":[{"embeddable":true,"href":"https:\/\/searchworknow.com\/es\/wp-json\/wp\/v2\/comments?post=9"}],"version-history":[{"count":3,"href":"https:\/\/searchworknow.com\/es\/wp-json\/wp\/v2\/pages\/9\/revisions"}],"predecessor-version":[{"id":4720,"href":"https:\/\/searchworknow.com\/es\/wp-json\/wp\/v2\/pages\/9\/revisions\/4720"}],"wp:attachment":[{"href":"https:\/\/searchworknow.com\/es\/wp-json\/wp\/v2\/media?parent=9"}],"curies":[{"name":"wp","href":"https:\/\/api.w.org\/{rel}","templated":true}]}}