{"id":429,"date":"2025-07-07T21:54:47","date_gmt":"2025-07-07T21:54:47","guid":{"rendered":"https:\/\/searchworknow.com\/home-2\/"},"modified":"2026-03-30T21:50:24","modified_gmt":"2026-03-30T21:50:24","slug":"home-2","status":"publish","type":"page","link":"https:\/\/searchworknow.com\/es\/","title":{"rendered":"Hogar"},"content":{"rendered":"<div class=\"wp-block-uagb-container uagb-layout-grid uagb-block-a28347b6 alignfull uagb-is-root-container\"><div class=\"uagb-container-inner-blocks-wrap\">\n<div class=\"wp-block-uagb-info-box uagb-block-6357f7e6 uagb-infobox__content-wrap  uagb-infobox-icon-above-title uagb-infobox-image-valign-top wp-block-uagb-info-box--has-margin\"><div class=\"uagb-infobox-margin-wrapper\"><div class=\"uagb-ifb-content\"><div class=\"uagb-ifb-title-wrap\"><h1 class=\"uagb-ifb-title\">Toma el control de tus finanzas hoy mismo.<\/h1><\/div><div class=\"uagb-ifb-button-wrapper wp-block-button\"><a href=\"https:\/\/searchworknow.com\/es\/category\/budgeting_tips\/\" class=\"uagb-infobox-cta-link wp-block-button__link\" target=\"_self\" rel=\"noopener noreferrer\"><span class=\"uagb-inline-editing\">Consejos para elaborar un presupuesto<\/span><\/a><\/div><\/div><\/div><\/div>\n<\/div><\/div>\n\n\n\n<div class=\"wp-block-uagb-container uagb-block-06fffa5e alignfull uagb-is-root-container\"><div class=\"uagb-container-inner-blocks-wrap\">\n<div class=\"wp-block-uagb-advanced-heading uagb-block-e57efb3a\"><h2 class=\"uagb-heading-text\">\u00a1Descubre estrategias financieras que te impulsar\u00e1n hacia adelante!<\/h2><\/div>\n\n\n\n<div class=\"wp-block-uagb-container uagb-layout-grid uagb-block-20f60053 alignfull uagb-is-root-container\"><div class=\"uagb-container-inner-blocks-wrap\">\n<div class=\"wp-block-uagb-info-box uagb-block-c4764eda uagb-infobox__content-wrap  uagb-infobox-icon-above-title uagb-infobox-image-valign-top wp-block-uagb-info-box--has-margin\"><div class=\"uagb-infobox-margin-wrapper\"><div class=\"uagb-ifb-content\"><div class=\"uagb-ifb-title-wrap\"><h4 class=\"uagb-ifb-title\">Encuentra mejores oportunidades<\/h4><\/div><p class=\"uagb-ifb-desc\">Identificamos oportunidades financieras basadas en informaci\u00f3n real del mercado, ayud\u00e1ndote a centrarte en las opciones que se alinean con tus objetivos y donde tu dinero puede rendir m\u00e1s.<\/p><\/div><\/div><\/div>\n\n\n\n<div class=\"wp-block-uagb-info-box uagb-block-b3afdc8c uagb-infobox__content-wrap  uagb-infobox-icon-above-title uagb-infobox-image-valign-top wp-block-uagb-info-box--has-margin\"><div class=\"uagb-infobox-margin-wrapper\"><div class=\"uagb-ifb-content\"><div class=\"uagb-ifb-title-wrap\"><h4 class=\"uagb-ifb-title\">Aprenda lo que importa<\/h4><\/div><p class=\"uagb-ifb-desc\">Desde los conceptos b\u00e1sicos de elaboraci\u00f3n de presupuestos hasta la toma de decisiones financieras m\u00e1s inteligentes, desglosamos lo que realmente importa y ofrecemos una gu\u00eda clara sobre c\u00f3mo gestionar y mejorar su situaci\u00f3n financiera.<\/p><\/div><\/div><\/div>\n\n\n\n<div class=\"wp-block-uagb-info-box uagb-block-f7c8e088 uagb-infobox__content-wrap  uagb-infobox-icon-above-title uagb-infobox-image-valign-top wp-block-uagb-info-box--has-margin\"><div class=\"uagb-infobox-margin-wrapper\"><div class=\"uagb-ifb-content\"><div class=\"uagb-ifb-title-wrap\"><h4 class=\"uagb-ifb-title\">Construir a largo plazo<\/h4><\/div><p class=\"uagb-ifb-desc\">Impulsa tu crecimiento financiero con estrategias que se adaptan con el tiempo. Te ayudamos a prepararte no solo para el presente, sino tambi\u00e9n para un futuro m\u00e1s estable y seguro.<br><a href=\"https:\/\/websitedemos.net\/professional-services-02\/?customize_changeset_uuid=d8b36c07-94c8-45b3-8f93-173af52981d1&amp;customize_theme=astra&amp;customize_messenger_channel=preview-0#\"><\/a><\/p><\/div><\/div><\/div>\n<\/div><\/div>\n\n\n\n<div class=\"wp-block-uagb-buttons uagb-buttons__outer-wrap uagb-btn__default-btn uagb-btn-tablet__default-btn uagb-btn-mobile__default-btn uagb-block-d217accb\"><div class=\"uagb-buttons__wrap uagb-buttons-layout-wrap\">\n<div class=\"wp-block-uagb-buttons-child uagb-buttons__outer-wrap uagb-block-f3801224 wp-block-button\"><div class=\"uagb-button__wrapper\"><a class=\"uagb-buttons-repeater wp-block-button__link\" aria-label=\"\" href=\"https:\/\/searchworknow.com\/es\/category\/credit_score\/\" rel=\"follow noopener\" target=\"_self\" role=\"button\"><div class=\"uagb-button__link\">puntaje de cr\u00e9dito<\/div><\/a><\/div><\/div>\n<\/div><\/div>\n<\/div><\/div>\n\n\n\n<div class=\"wp-block-uagb-container uagb-block-5a9ca893 alignfull uagb-is-root-container\"><div class=\"uagb-container-inner-blocks-wrap\">\n<div class=\"wp-block-uagb-container uagb-layout-grid uagb-block-a68b7546 alignfull uagb-is-root-container\"><div class=\"uagb-container-inner-blocks-wrap\">\n<div class=\"wp-block-uagb-image uagb-block-b654844f wp-block-uagb-image--layout-default wp-block-uagb-image--effect-static wp-block-uagb-image--align-none\"><figure class=\"wp-block-uagb-image__figure\"><img decoding=\"async\" src=\"https:\/\/searchworknow.com\/wp-content\/uploads\/sites\/401\/2025\/07\/swn3-1.jpg\" alt=\"\" class=\"uag-image-581\" width=\"500\" height=\"450\" title=\"swn3 (1)\" loading=\"lazy\" role=\"img\" \/><\/figure><\/div>\n\n\n\n<div class=\"wp-block-uagb-info-box uagb-block-87795900 uagb-infobox__content-wrap  uagb-infobox-icon-above-title uagb-infobox-image-valign-top\"><div class=\"uagb-ifb-content\"><div class=\"uagb-ifb-title-wrap\"><h4 class=\"uagb-ifb-title-prefix\">Cuente con nosotros<\/h4><h2 class=\"uagb-ifb-title\">\u00a1Estamos aqu\u00ed para guiarte!<\/h2><\/div><p class=\"uagb-ifb-desc\">Si buscas informaci\u00f3n fiable sobre c\u00f3mo gestionar tus finanzas, est\u00e1s en el lugar adecuado. Te ofrecemos informaci\u00f3n valiosa sobre presupuestos, cr\u00e9dito y opciones financieras para ayudarte a tomar decisiones informadas. Nuestro objetivo es acompa\u00f1arte en este camino con una gu\u00eda pr\u00e1ctica que se ajuste a tus oportunidades reales y te ayude a construir un futuro financiero m\u00e1s estable.<\/p><\/div><\/div>\n<\/div><\/div>\n<\/div><\/div>\n\n\n\n<div class=\"wp-block-uagb-container uagb-block-05fd2311 alignfull uagb-is-root-container\"><div class=\"uagb-container-inner-blocks-wrap\">\n<div class=\"wp-block-uagb-info-box uagb-block-5f43401b uagb-infobox__content-wrap  uagb-infobox-icon-above-title uagb-infobox-image-valign-top wp-block-uagb-info-box--has-margin\"><div class=\"uagb-infobox-margin-wrapper\"><div class=\"uagb-ifb-content\"><div class=\"uagb-ifb-title-wrap\"><h2 class=\"uagb-ifb-title\">Empieza a tomar mejores decisiones financieras ahora. \u00a1Ac\u00e9rcate a tus metas!<\/h2><\/div><div class=\"uagb-ifb-button-wrapper wp-block-button\"><a href=\"https:\/\/searchworknow.com\/es\/category\/debt_management\/\" class=\"uagb-infobox-cta-link wp-block-button__link\" target=\"_blank\" rel=\"noopener noreferrer\"><span class=\"uagb-inline-editing\">gesti\u00f3n de deudas<\/span><\/a><\/div><\/div><\/div><\/div>\n<\/div><\/div>","protected":false},"excerpt":{"rendered":"<p>\u00a1Descubre estrategias financieras que te impulsar\u00e1n hacia adelante!<\/p>","protected":false},"author":2,"featured_media":0,"parent":0,"menu_order":0,"comment_status":"closed","ping_status":"closed","template":"","meta":{"_uag_custom_page_level_css":"","site-sidebar-layout":"no-sidebar","site-content-layout":"plain-container","ast-site-content-layout":"normal-width-container","site-content-style":"unboxed","site-sidebar-style":"unboxed","ast-global-header-display":"","ast-banner-title-visibility":"","ast-main-header-display":"","ast-hfb-above-header-display":"","ast-hfb-below-header-display":"","ast-hfb-mobile-header-display":"","site-post-title":"disabled","ast-breadcrumbs-content":"","ast-featured-img":"","footer-sml-layout":"","theme-transparent-header-meta":"default","adv-header-id-meta":"","stick-header-meta":"","header-above-stick-meta":"","header-main-stick-meta":"","header-below-stick-meta":"","astra-migrate-meta-layouts":"set","ast-page-background-enabled":"default","ast-page-background-meta":{"desktop":{"background-color":"var(--ast-global-color-4)","background-image":"","background-repeat":"repeat","background-position":"center center","background-size":"auto","background-attachment":"scroll","background-type":"","background-media":"","overlay-type":"","overlay-color":"","overlay-opacity":"","overlay-gradient":""},"tablet":{"background-color":"","background-image":"","background-repeat":"repeat","background-position":"center center","background-size":"auto","background-attachment":"scroll","background-type":"","background-media":"","overlay-type":"","overlay-color":"","overlay-opacity":"","overlay-gradient":""},"mobile":{"background-color":"","background-image":"","background-repeat":"repeat","background-position":"center center","background-size":"auto","background-attachment":"scroll","background-type":"","background-media":"","overlay-type":"","overlay-color":"","overlay-opacity":"","overlay-gradient":""}},"ast-content-background-meta":{"desktop":{"background-color":"var(--ast-global-color-5)","background-image":"","background-repeat":"repeat","background-position":"center center","background-size":"auto","background-attachment":"scroll","background-type":"","background-media":"","overlay-type":"","overlay-color":"","overlay-opacity":"","overlay-gradient":""},"tablet":{"background-color":"var(--ast-global-color-5)","background-image":"","background-repeat":"repeat","background-position":"center center","background-size":"auto","background-attachment":"scroll","background-type":"","background-media":"","overlay-type":"","overlay-color":"","overlay-opacity":"","overlay-gradient":""},"mobile":{"background-color":"var(--ast-global-color-5)","background-image":"","background-repeat":"repeat","background-position":"center center","background-size":"auto","background-attachment":"scroll","background-type":"","background-media":"","overlay-type":"","overlay-color":"","overlay-opacity":"","overlay-gradient":""}},"footnotes":""},"yoast_head":"<!-- This site is optimized with the Yoast SEO plugin v23.3 - https:\/\/yoast.com\/wordpress\/plugins\/seo\/ -->\n<title>Home - Search Work Now<\/title>\n<meta name=\"robots\" content=\"index, follow, max-snippet:-1, max-image-preview:large, max-video-preview:-1\" \/>\n<link rel=\"canonical\" href=\"https:\/\/searchworknow.com\/es\/\" \/>\n<meta property=\"og:locale\" content=\"es_MX\" \/>\n<meta property=\"og:type\" content=\"article\" \/>\n<meta property=\"og:title\" content=\"Home - Search Work Now\" \/>\n<meta property=\"og:description\" content=\"Discover Financial Strategies That Move You Forward!\" \/>\n<meta property=\"og:url\" content=\"https:\/\/searchworknow.com\/es\/\" \/>\n<meta property=\"og:site_name\" content=\"Search Work Now\" \/>\n<meta property=\"article:modified_time\" content=\"2026-03-30T21:50:24+00:00\" \/>\n<meta property=\"og:image\" content=\"https:\/\/searchworknow.com\/wp-content\/uploads\/sites\/401\/2025\/07\/swn3-1.jpg\" \/>\n<meta name=\"twitter:card\" content=\"summary_large_image\" \/>\n<meta name=\"twitter:label1\" content=\"Est. reading time\" \/>\n\t<meta name=\"twitter:data1\" content=\"1 minuto\" \/>\n<script type=\"application\/ld+json\" class=\"yoast-schema-graph\">{\"@context\":\"https:\/\/schema.org\",\"@graph\":[{\"@type\":\"WebPage\",\"@id\":\"https:\/\/searchworknow.com\/\",\"url\":\"https:\/\/searchworknow.com\/\",\"name\":\"Home - Search Work Now\",\"isPartOf\":{\"@id\":\"https:\/\/searchworknow.com\/#website\"},\"primaryImageOfPage\":{\"@id\":\"https:\/\/searchworknow.com\/#primaryimage\"},\"image\":{\"@id\":\"https:\/\/searchworknow.com\/#primaryimage\"},\"thumbnailUrl\":\"https:\/\/searchworknow.com\/wp-content\/uploads\/sites\/401\/2025\/07\/swn3-1.jpg\",\"datePublished\":\"2025-07-07T21:54:47+00:00\",\"dateModified\":\"2026-03-30T21:50:24+00:00\",\"breadcrumb\":{\"@id\":\"https:\/\/searchworknow.com\/#breadcrumb\"},\"inLanguage\":\"es-MX\",\"potentialAction\":[{\"@type\":\"ReadAction\",\"target\":[\"https:\/\/searchworknow.com\/\"]}]},{\"@type\":\"ImageObject\",\"inLanguage\":\"es-MX\",\"@id\":\"https:\/\/searchworknow.com\/#primaryimage\",\"url\":\"https:\/\/searchworknow.com\/wp-content\/uploads\/sites\/401\/2025\/07\/swn3-1.jpg\",\"contentUrl\":\"https:\/\/searchworknow.com\/wp-content\/uploads\/sites\/401\/2025\/07\/swn3-1.jpg\"},{\"@type\":\"BreadcrumbList\",\"@id\":\"https:\/\/searchworknow.com\/#breadcrumb\",\"itemListElement\":[{\"@type\":\"ListItem\",\"position\":1,\"name\":\"Home\",\"item\":\"https:\/\/searchworknow.com\/\"},{\"@type\":\"ListItem\",\"position\":2,\"name\":\"Home\"}]},{\"@type\":\"WebSite\",\"@id\":\"https:\/\/searchworknow.com\/#website\",\"url\":\"https:\/\/searchworknow.com\/\",\"name\":\"Search Work Now\",\"description\":\"\",\"publisher\":{\"@id\":\"https:\/\/searchworknow.com\/#organization\"},\"potentialAction\":[{\"@type\":\"SearchAction\",\"target\":{\"@type\":\"EntryPoint\",\"urlTemplate\":\"https:\/\/searchworknow.com\/?s={search_term_string}\"},\"query-input\":\"required name=search_term_string\"}],\"inLanguage\":\"es-MX\"},{\"@type\":\"Organization\",\"@id\":\"https:\/\/searchworknow.com\/#organization\",\"name\":\"Search Work Now\",\"url\":\"https:\/\/searchworknow.com\/\",\"logo\":{\"@type\":\"ImageObject\",\"inLanguage\":\"es-MX\",\"@id\":\"https:\/\/searchworknow.com\/#\/schema\/logo\/image\/\",\"url\":\"https:\/\/searchworknow.com\/wp-content\/uploads\/sites\/401\/2026\/03\/Search-Work-Now.jpg\",\"contentUrl\":\"https:\/\/searchworknow.com\/wp-content\/uploads\/sites\/401\/2026\/03\/Search-Work-Now.jpg\",\"width\":2000,\"height\":2000,\"caption\":\"Search Work Now\"},\"image\":{\"@id\":\"https:\/\/searchworknow.com\/#\/schema\/logo\/image\/\"}}]}<\/script>\n<!-- \/ Yoast SEO plugin. -->","yoast_head_json":{"title":"Home - Search Work Now","robots":{"index":"index","follow":"follow","max-snippet":"max-snippet:-1","max-image-preview":"max-image-preview:large","max-video-preview":"max-video-preview:-1"},"canonical":"https:\/\/searchworknow.com\/es\/","og_locale":"es_MX","og_type":"article","og_title":"Home - Search Work Now","og_description":"Discover Financial Strategies That Move You Forward!","og_url":"https:\/\/searchworknow.com\/es\/","og_site_name":"Search Work Now","article_modified_time":"2026-03-30T21:50:24+00:00","og_image":[{"url":"https:\/\/searchworknow.com\/wp-content\/uploads\/sites\/401\/2025\/07\/swn3-1.jpg"}],"twitter_card":"summary_large_image","twitter_misc":{"Est. reading time":"1 minuto"},"schema":{"@context":"https:\/\/schema.org","@graph":[{"@type":"WebPage","@id":"https:\/\/searchworknow.com\/","url":"https:\/\/searchworknow.com\/","name":"Home - Search Work Now","isPartOf":{"@id":"https:\/\/searchworknow.com\/#website"},"primaryImageOfPage":{"@id":"https:\/\/searchworknow.com\/#primaryimage"},"image":{"@id":"https:\/\/searchworknow.com\/#primaryimage"},"thumbnailUrl":"https:\/\/searchworknow.com\/wp-content\/uploads\/sites\/401\/2025\/07\/swn3-1.jpg","datePublished":"2025-07-07T21:54:47+00:00","dateModified":"2026-03-30T21:50:24+00:00","breadcrumb":{"@id":"https:\/\/searchworknow.com\/#breadcrumb"},"inLanguage":"es-MX","potentialAction":[{"@type":"ReadAction","target":["https:\/\/searchworknow.com\/"]}]},{"@type":"ImageObject","inLanguage":"es-MX","@id":"https:\/\/searchworknow.com\/#primaryimage","url":"https:\/\/searchworknow.com\/wp-content\/uploads\/sites\/401\/2025\/07\/swn3-1.jpg","contentUrl":"https:\/\/searchworknow.com\/wp-content\/uploads\/sites\/401\/2025\/07\/swn3-1.jpg"},{"@type":"BreadcrumbList","@id":"https:\/\/searchworknow.com\/#breadcrumb","itemListElement":[{"@type":"ListItem","position":1,"name":"Home","item":"https:\/\/searchworknow.com\/"},{"@type":"ListItem","position":2,"name":"Home"}]},{"@type":"WebSite","@id":"https:\/\/searchworknow.com\/#website","url":"https:\/\/searchworknow.com\/","name":"Search Work Now","description":"","publisher":{"@id":"https:\/\/searchworknow.com\/#organization"},"potentialAction":[{"@type":"SearchAction","target":{"@type":"EntryPoint","urlTemplate":"https:\/\/searchworknow.com\/?s={search_term_string}"},"query-input":"required name=search_term_string"}],"inLanguage":"es-MX"},{"@type":"Organization","@id":"https:\/\/searchworknow.com\/#organization","name":"Search Work Now","url":"https:\/\/searchworknow.com\/","logo":{"@type":"ImageObject","inLanguage":"es-MX","@id":"https:\/\/searchworknow.com\/#\/schema\/logo\/image\/","url":"https:\/\/searchworknow.com\/wp-content\/uploads\/sites\/401\/2026\/03\/Search-Work-Now.jpg","contentUrl":"https:\/\/searchworknow.com\/wp-content\/uploads\/sites\/401\/2026\/03\/Search-Work-Now.jpg","width":2000,"height":2000,"caption":"Search Work Now"},"image":{"@id":"https:\/\/searchworknow.com\/#\/schema\/logo\/image\/"}}]}},"uagb_featured_image_src":{"full":false,"thumbnail":false,"medium":false,"medium_large":false,"large":false,"1536x1536":false,"2048x2048":false,"trp-custom-language-flag":false},"uagb_author_info":{"display_name":"lcgianni","author_link":"https:\/\/searchworknow.com\/es\/author\/lcgianni\/"},"uagb_comment_info":0,"uagb_excerpt":"Discover Financial Strategies That Move You Forward!","_links":{"self":[{"href":"https:\/\/searchworknow.com\/es\/wp-json\/wp\/v2\/pages\/429"}],"collection":[{"href":"https:\/\/searchworknow.com\/es\/wp-json\/wp\/v2\/pages"}],"about":[{"href":"https:\/\/searchworknow.com\/es\/wp-json\/wp\/v2\/types\/page"}],"author":[{"embeddable":true,"href":"https:\/\/searchworknow.com\/es\/wp-json\/wp\/v2\/users\/2"}],"replies":[{"embeddable":true,"href":"https:\/\/searchworknow.com\/es\/wp-json\/wp\/v2\/comments?post=429"}],"version-history":[{"count":15,"href":"https:\/\/searchworknow.com\/es\/wp-json\/wp\/v2\/pages\/429\/revisions"}],"predecessor-version":[{"id":4715,"href":"https:\/\/searchworknow.com\/es\/wp-json\/wp\/v2\/pages\/429\/revisions\/4715"}],"wp:attachment":[{"href":"https:\/\/searchworknow.com\/es\/wp-json\/wp\/v2\/media?parent=429"}],"curies":[{"name":"wp","href":"https:\/\/api.w.org\/{rel}","templated":true}]}}